{"id":29,"date":"2022-04-23T01:26:05","date_gmt":"2022-04-23T05:26:05","guid":{"rendered":"https:\/\/clubsagacite.com\/about\/"},"modified":"2024-03-07T18:45:50","modified_gmt":"2024-03-07T23:45:50","slug":"a-propos","status":"publish","type":"page","link":"https:\/\/clubsagacite.com\/fr\/a-propos\/","title":{"rendered":"\u00c0 propos"},"content":{"rendered":"\n<p><strong>Club Sagacit\u00e9<\/strong> est un espace de recherche et diffusion artistique et un lieu de vie communautaire situ\u00e9 dans le quartier Parc Extension \u00e0 Montr\u00e9al, QC<\/p>\n\n\n\n<p>Initi\u00e9 par le collectif <a href=\"https:\/\/moonshine.mu\" target=\"_blank\" rel=\"noreferrer noopener\">Moonshine<\/a>, le projet vise \u00e0 cr\u00e9er un lieu de vie communautaire, de recherche et diffusion artistique afin de soutenir les cr\u00e9ateurs et cr\u00e9atrices issu.e.s des minorit\u00e9s visibles et des milieux d\u00e9favoris\u00e9s.<\/p>\n\n\n\n<p>L\u2019espace, d&rsquo;une superficie de 2000 p.c., comprend une salle multimodale de danse, musique, conf\u00e9rences, ateliers, concerts et expositions, et un un espace de travail partag\u00e9.<\/p>\n\n\n\n<p>Les membres du Club ont acc\u00e8s aux infrastructures, \u00e0 des ressources de mentorat, aux ateliers et conf\u00e9rences.<\/p>\n\n\n\n<p><strong>Heures d&rsquo;ouverture: mercredi et jeudi 17:00-22:00<\/strong><\/p>\n\n\n\n<p>Pour toute question ou requ\u00eate : <a href=\"mailto:info@clubsagacite.com\" target=\"_blank\" rel=\"noreferrer noopener\">info@clubsagacite.com<\/a>.<\/p>\n\n\n\n<p>&#8212;<\/p>\n\n\n\n<p><strong>R\u00c8GLEMENTS INTERNES ET DIRECTIVES COMMUNAUTAIRES DU CLUB SAGACIT\u00c9<\/strong><\/p>\n\n\n\n<ol>\n<li>Le Club Sagacit\u00e9 est un espace d&rsquo;apprentissage, de connexions significatives et de partage de comp\u00e9tences. Cultivez un esprit de gr\u00e2ce, de compassion et d&rsquo;encouragement dans vos interactions avec ceux qui vous entourent.<\/li>\n\n\n\n<li>Les membres, les invit\u00e9s et le personnel sont tenus aux normes les plus \u00e9lev\u00e9es de respect, de gentillesse et de courtoisie.<\/li>\n\n\n\n<li>Soyez respectueux de l&rsquo;espace du club et de son \u00e9quipement, reconnaissant la nature partag\u00e9e de ces ressources pendant les heures d&rsquo;ouverture.<\/li>\n\n\n\n<li>L&rsquo;acc\u00e8s \u00e0 l&rsquo;espace du club pendant les heures r\u00e9serv\u00e9es aux membres est un privil\u00e8ge exclusivement r\u00e9serv\u00e9 aux membres enregistr\u00e9s. Les membres doivent en \u00eatre conscients avant d&rsquo;inviter des visiteurs.<\/li>\n\n\n\n<li>Inspirez le partage de comp\u00e9tences et le mentorat entre les membres, favorisant un environnement de croissance continue.<\/li>\n\n\n\n<li>Communiquez rapidement toute pr\u00e9occupation au personnel d\u00e8s leur arriv\u00e9e et signalez les probl\u00e8mes de s\u00e9curit\u00e9 sans d\u00e9lai.<\/li>\n\n\n\n<li>Les zones fumeurs d\u00e9sign\u00e9es se trouvent \u00e0 l&rsquo;ext\u00e9rieur de l&rsquo;espace du club.<\/li>\n\n\n\n<li>Notre personnel et nos collaborateurs sont pr\u00eats \u00e0 vous guider de mani\u00e8re cr\u00e9ative et \u00e0 vous mettre en relation avec des mentors. N&rsquo;h\u00e9sitez pas \u00e0 les solliciter si vous cherchez une telle orientation.<\/li>\n\n\n\n<li>Maintenez une norme de propret\u00e9 et d&rsquo;ordre ; prenez la responsabilit\u00e9 de nettoyer apr\u00e8s vous-m\u00eame et assurez-vous de laisser l&rsquo;espace dans l&rsquo;\u00e9tat o\u00f9 vous l&rsquo;avez trouv\u00e9.<\/li>\n\n\n\n<li>Reconnaissez que des conflits personnels peuvent survenir ; engagez-vous \u00e0 une r\u00e9solution saine des conflits pour favoriser un environnement communautaire positif.<\/li>\n\n\n\n<li>Bien que notre espace soit ouvert \u00e0 tous, notre engagement et notre mission donnent la priorit\u00e9 aux personnes d&rsquo;ascendance afro-descendante et aux identit\u00e9s marginalis\u00e9es.<\/li>\n\n\n\n<li>L&rsquo;organisation se r\u00e9serve le droit de r\u00e9silier les adh\u00e9sions \u00e0 sa discr\u00e9tion, pr\u00e9servant l&rsquo;int\u00e9grit\u00e9 et les valeurs du Club Sagacit\u00e9.<\/li>\n<\/ol>\n","protected":false},"excerpt":{"rendered":"<p>Club Sagacit\u00e9 est un espace de recherche et diffusion artistique et un lieu de vie communautaire situ\u00e9 dans le quartier Parc Extension \u00e0 Montr\u00e9al, QC Initi\u00e9 par le collectif Moonshine, le projet vise \u00e0 cr\u00e9er un lieu de vie communautaire, de recherche et diffusion artistique afin de soutenir les cr\u00e9ateurs et cr\u00e9atrices issu.e.s des minorit\u00e9s [&hellip;]<\/p>\n","protected":false},"author":1,"featured_media":0,"parent":0,"menu_order":0,"comment_status":"closed","ping_status":"closed","template":"","meta":[],"acf":[],"yoast_head":"<!-- This site is optimized with the Yoast SEO plugin v20.6 - https:\/\/yoast.com\/wordpress\/plugins\/seo\/ -->\n<title>\u00c0 propos | Club Sagacit\u00e9<\/title>\n<meta name=\"robots\" content=\"index, follow, max-snippet:-1, max-image-preview:large, max-video-preview:-1\" \/>\n<link rel=\"canonical\" href=\"https:\/\/clubsagacite.com\/fr\/a-propos\/\" \/>\n<meta property=\"og:locale\" content=\"fr_FR\" \/>\n<meta property=\"og:type\" content=\"article\" \/>\n<meta property=\"og:title\" content=\"\u00c0 propos | Club Sagacit\u00e9\" \/>\n<meta property=\"og:description\" content=\"Club Sagacit\u00e9 est un espace de recherche et diffusion artistique et un lieu de vie communautaire situ\u00e9 dans le quartier Parc Extension \u00e0 Montr\u00e9al, QC Initi\u00e9 par le collectif Moonshine, le projet vise \u00e0 cr\u00e9er un lieu de vie communautaire, de recherche et diffusion artistique afin de soutenir les cr\u00e9ateurs et cr\u00e9atrices issu.e.s des minorit\u00e9s [&hellip;]\" \/>\n<meta property=\"og:url\" content=\"https:\/\/clubsagacite.com\/fr\/a-propos\/\" \/>\n<meta property=\"og:site_name\" content=\"Club Sagacit\u00e9\" \/>\n<meta property=\"article:publisher\" content=\"https:\/\/www.facebook.com\/clubsagacite\" \/>\n<meta property=\"article:modified_time\" content=\"2024-03-07T23:45:50+00:00\" \/>\n<meta property=\"og:image\" content=\"https:\/\/clubsagacite.com\/wp-content\/uploads\/2022\/04\/club-sagacite-socials.png\" \/>\n\t<meta property=\"og:image:width\" content=\"1920\" \/>\n\t<meta property=\"og:image:height\" content=\"1080\" \/>\n\t<meta property=\"og:image:type\" content=\"image\/png\" \/>\n<meta name=\"twitter:card\" content=\"summary_large_image\" \/>\n<meta name=\"twitter:site\" content=\"@clubsagacite\" \/>\n<meta name=\"twitter:label1\" content=\"Dur\u00e9e de lecture estim\u00e9e\" \/>\n\t<meta name=\"twitter:data1\" content=\"2 minutes\" \/>\n<script type=\"application\/ld+json\" class=\"yoast-schema-graph\">{\"@context\":\"https:\/\/schema.org\",\"@graph\":[{\"@type\":\"WebPage\",\"@id\":\"https:\/\/clubsagacite.com\/fr\/a-propos\/\",\"url\":\"https:\/\/clubsagacite.com\/fr\/a-propos\/\",\"name\":\"\u00c0 propos | Club Sagacit\u00e9\",\"isPartOf\":{\"@id\":\"https:\/\/clubsagacite.com\/fr\/#website\"},\"datePublished\":\"2022-04-23T05:26:05+00:00\",\"dateModified\":\"2024-03-07T23:45:50+00:00\",\"breadcrumb\":{\"@id\":\"https:\/\/clubsagacite.com\/fr\/a-propos\/#breadcrumb\"},\"inLanguage\":\"fr-FR\",\"potentialAction\":[{\"@type\":\"ReadAction\",\"target\":[\"https:\/\/clubsagacite.com\/fr\/a-propos\/\"]}]},{\"@type\":\"BreadcrumbList\",\"@id\":\"https:\/\/clubsagacite.com\/fr\/a-propos\/#breadcrumb\",\"itemListElement\":[{\"@type\":\"ListItem\",\"position\":1,\"name\":\"Home\",\"item\":\"https:\/\/clubsagacite.com\/fr\/\"},{\"@type\":\"ListItem\",\"position\":2,\"name\":\"\u00c0 propos\"}]},{\"@type\":\"WebSite\",\"@id\":\"https:\/\/clubsagacite.com\/fr\/#website\",\"url\":\"https:\/\/clubsagacite.com\/fr\/\",\"name\":\"Club Sagacit\u00e9\",\"description\":\"Espace cr\u00e9atif et communaut\u00e9 bas\u00e9e \u00e0 Montr\u00e9al\/Tiohti\u00e0:ke.\",\"publisher\":{\"@id\":\"https:\/\/clubsagacite.com\/fr\/#organization\"},\"potentialAction\":[{\"@type\":\"SearchAction\",\"target\":{\"@type\":\"EntryPoint\",\"urlTemplate\":\"https:\/\/clubsagacite.com\/fr\/?s={search_term_string}\"},\"query-input\":\"required name=search_term_string\"}],\"inLanguage\":\"fr-FR\"},{\"@type\":\"Organization\",\"@id\":\"https:\/\/clubsagacite.com\/fr\/#organization\",\"name\":\"Club Sagacit\u00e9\",\"url\":\"https:\/\/clubsagacite.com\/fr\/\",\"logo\":{\"@type\":\"ImageObject\",\"inLanguage\":\"fr-FR\",\"@id\":\"https:\/\/clubsagacite.com\/fr\/#\/schema\/logo\/image\/\",\"url\":\"https:\/\/clubsagacite.com\/wp-content\/uploads\/2022\/04\/csc-logo.png\",\"contentUrl\":\"https:\/\/clubsagacite.com\/wp-content\/uploads\/2022\/04\/csc-logo.png\",\"width\":1087,\"height\":1087,\"caption\":\"Club Sagacit\u00e9\"},\"image\":{\"@id\":\"https:\/\/clubsagacite.com\/fr\/#\/schema\/logo\/image\/\"},\"sameAs\":[\"https:\/\/www.facebook.com\/clubsagacite\",\"https:\/\/twitter.com\/clubsagacite\"]}]}<\/script>\n<!-- \/ Yoast SEO plugin. -->","yoast_head_json":{"title":"\u00c0 propos | Club Sagacit\u00e9","robots":{"index":"index","follow":"follow","max-snippet":"max-snippet:-1","max-image-preview":"max-image-preview:large","max-video-preview":"max-video-preview:-1"},"canonical":"https:\/\/clubsagacite.com\/fr\/a-propos\/","og_locale":"fr_FR","og_type":"article","og_title":"\u00c0 propos | Club Sagacit\u00e9","og_description":"Club Sagacit\u00e9 est un espace de recherche et diffusion artistique et un lieu de vie communautaire situ\u00e9 dans le quartier Parc Extension \u00e0 Montr\u00e9al, QC Initi\u00e9 par le collectif Moonshine, le projet vise \u00e0 cr\u00e9er un lieu de vie communautaire, de recherche et diffusion artistique afin de soutenir les cr\u00e9ateurs et cr\u00e9atrices issu.e.s des minorit\u00e9s [&hellip;]","og_url":"https:\/\/clubsagacite.com\/fr\/a-propos\/","og_site_name":"Club Sagacit\u00e9","article_publisher":"https:\/\/www.facebook.com\/clubsagacite","article_modified_time":"2024-03-07T23:45:50+00:00","og_image":[{"width":1920,"height":1080,"url":"https:\/\/clubsagacite.com\/wp-content\/uploads\/2022\/04\/club-sagacite-socials.png","type":"image\/png"}],"twitter_card":"summary_large_image","twitter_site":"@clubsagacite","twitter_misc":{"Dur\u00e9e de lecture estim\u00e9e":"2 minutes"},"schema":{"@context":"https:\/\/schema.org","@graph":[{"@type":"WebPage","@id":"https:\/\/clubsagacite.com\/fr\/a-propos\/","url":"https:\/\/clubsagacite.com\/fr\/a-propos\/","name":"\u00c0 propos | Club Sagacit\u00e9","isPartOf":{"@id":"https:\/\/clubsagacite.com\/fr\/#website"},"datePublished":"2022-04-23T05:26:05+00:00","dateModified":"2024-03-07T23:45:50+00:00","breadcrumb":{"@id":"https:\/\/clubsagacite.com\/fr\/a-propos\/#breadcrumb"},"inLanguage":"fr-FR","potentialAction":[{"@type":"ReadAction","target":["https:\/\/clubsagacite.com\/fr\/a-propos\/"]}]},{"@type":"BreadcrumbList","@id":"https:\/\/clubsagacite.com\/fr\/a-propos\/#breadcrumb","itemListElement":[{"@type":"ListItem","position":1,"name":"Home","item":"https:\/\/clubsagacite.com\/fr\/"},{"@type":"ListItem","position":2,"name":"\u00c0 propos"}]},{"@type":"WebSite","@id":"https:\/\/clubsagacite.com\/fr\/#website","url":"https:\/\/clubsagacite.com\/fr\/","name":"Club Sagacit\u00e9","description":"Espace cr\u00e9atif et communaut\u00e9 bas\u00e9e \u00e0 Montr\u00e9al\/Tiohti\u00e0:ke.","publisher":{"@id":"https:\/\/clubsagacite.com\/fr\/#organization"},"potentialAction":[{"@type":"SearchAction","target":{"@type":"EntryPoint","urlTemplate":"https:\/\/clubsagacite.com\/fr\/?s={search_term_string}"},"query-input":"required name=search_term_string"}],"inLanguage":"fr-FR"},{"@type":"Organization","@id":"https:\/\/clubsagacite.com\/fr\/#organization","name":"Club Sagacit\u00e9","url":"https:\/\/clubsagacite.com\/fr\/","logo":{"@type":"ImageObject","inLanguage":"fr-FR","@id":"https:\/\/clubsagacite.com\/fr\/#\/schema\/logo\/image\/","url":"https:\/\/clubsagacite.com\/wp-content\/uploads\/2022\/04\/csc-logo.png","contentUrl":"https:\/\/clubsagacite.com\/wp-content\/uploads\/2022\/04\/csc-logo.png","width":1087,"height":1087,"caption":"Club Sagacit\u00e9"},"image":{"@id":"https:\/\/clubsagacite.com\/fr\/#\/schema\/logo\/image\/"},"sameAs":["https:\/\/www.facebook.com\/clubsagacite","https:\/\/twitter.com\/clubsagacite"]}]}},"_links":{"self":[{"href":"https:\/\/clubsagacite.com\/fr\/wp-json\/wp\/v2\/pages\/29"}],"collection":[{"href":"https:\/\/clubsagacite.com\/fr\/wp-json\/wp\/v2\/pages"}],"about":[{"href":"https:\/\/clubsagacite.com\/fr\/wp-json\/wp\/v2\/types\/page"}],"author":[{"embeddable":true,"href":"https:\/\/clubsagacite.com\/fr\/wp-json\/wp\/v2\/users\/1"}],"replies":[{"embeddable":true,"href":"https:\/\/clubsagacite.com\/fr\/wp-json\/wp\/v2\/comments?post=29"}],"version-history":[{"count":16,"href":"https:\/\/clubsagacite.com\/fr\/wp-json\/wp\/v2\/pages\/29\/revisions"}],"predecessor-version":[{"id":3231,"href":"https:\/\/clubsagacite.com\/fr\/wp-json\/wp\/v2\/pages\/29\/revisions\/3231"}],"wp:attachment":[{"href":"https:\/\/clubsagacite.com\/fr\/wp-json\/wp\/v2\/media?parent=29"}],"curies":[{"name":"wp","href":"https:\/\/api.w.org\/{rel}","templated":true}]}}