{"id":33,"date":"2022-04-23T01:29:24","date_gmt":"2022-04-23T01:29:24","guid":{"rendered":"https:\/\/clubsagacite.com\/privacy\/"},"modified":"2022-04-28T04:55:24","modified_gmt":"2022-04-28T04:55:24","slug":"vie-privee","status":"publish","type":"page","link":"https:\/\/clubsagacite.com\/fr\/vie-privee\/","title":{"rendered":"Vie priv\u00e9e"},"content":{"rendered":"\n<p>En poursuivant votre navigation, vous acceptez l\u2019utilisation de Cookies pour assurer le bon fonctionnement et l\u2019interactivit\u00e9 du site, personnaliser votre navigation, et mesurer l\u2019audience du site dans le respect de notre politique de protection de votre vie priv\u00e9e.<\/p>\n\n\n\n<p>La pr\u00e9sente politique de protection des donn\u00e9es \u00e0 caract\u00e8re personnel (ci-apr\u00e8s la \u00ab Politique \u00bb) \u00e9nonce les pratiques et les conditions dans lesquelles l\u2019organisation Club Sagacit\u00e9 (ci-apr\u00e8s l\u2019 \u00ab Organisation \u00bb) traite vos donn\u00e9es \u00e0 caract\u00e8re personnel.<\/p>\n\n\n\n<p>La pr\u00e9sente Politique s\u2019applique lorsque vos donn\u00e9es sont collect\u00e9es sur les sites internet \u00e9dit\u00e9s par les entit\u00e9s de Club Sagacit\u00e9 (ci-apr\u00e8s les \u00ab Sites \u00bb) :&nbsp;<a href=\"https:\/\/clubsagacite.com\/\">https:\/\/clubsagacite.com<\/a>, ainsi que dans le cadre vos relations, de quelque nature qu\u2019elles soient, avec l\u2019Organisation.<\/p>\n\n\n\n<p>Les donn\u00e9es \u00e0 caract\u00e8re personnel (ci-apr\u00e8s les \u00ab donn\u00e9es \u00bb) sont toute information se rapportant \u00e0 une personne physique identifi\u00e9e ou identifiable ; est r\u00e9put\u00e9e d\u2019\u00eatre une \u00abpersonne physique identifiable\u00bb une personne physique qui peut \u00eatre identifi\u00e9e, directement ou indirectement, notamment par r\u00e9f\u00e9rence \u00e0 un identifiant, tel qu\u2019un nom, un num\u00e9ro d\u2019identification, des donn\u00e9es de localisation, un identifiant en ligne, ou \u00e0 un ou plusieurs \u00e9l\u00e9ments sp\u00e9cifiques propres \u00e0 son identit\u00e9 physique, physiologique, g\u00e9n\u00e9tique, psychique, \u00e9conomique, culturelle ou sociale ; tel que ce terme est d\u00e9fini par la r\u00e9glementation en vigueur.<\/p>\n\n\n\n<h2 class=\"wp-block-heading\">Quelles sont les donn\u00e9es collect\u00e9es?<\/h2>\n\n\n\n<p>En fonction de la fa\u00e7on dont vous interagissez avec l\u2019Organisation et de la finalit\u00e9 de cette interaction, l\u2019Organisation est susceptible de collecter les donn\u00e9es suivantes :<\/p>\n\n\n\n<ul><li>Donn\u00e9es relatives \u00e0 votre identit\u00e9; ces donn\u00e9es d\u00e9signent notamment votre nom, votre pr\u00e9nom, votre courriel, votre adresse ou encore votre num\u00e9ro de t\u00e9l\u00e9phone.<\/li><li>Donn\u00e9es relatives \u00e0 la connexion et \u00e0 l\u2019utilisation du compte lorsque vous en \u00eates titulaire : ces donn\u00e9es d\u00e9signent l\u2019ensemble des informations dont vous avez besoin pour acc\u00e9der \u00e0 votre espace personnel ainsi que celles relatives \u00e0 l\u2019utilisation du compte et notamment, vos identifiants et mots de passe, vos choix et pr\u00e9f\u00e9rences, l\u2019historique de vos commandes. En tout \u00e9tat de cause, le compte fait l\u2019objet de conditions g\u00e9n\u00e9rales d\u2019utilisation sp\u00e9cifiques.<\/li><li>Donn\u00e9es relatives \u00e0 la navigation : ces donn\u00e9es d\u00e9signent celles concernant la mani\u00e8re dont l\u2019utilisateur navigue sur le site. Ces donn\u00e9es peuvent inclure l\u2019adresse IP, la r\u00e9solution de l\u2019\u00e9cran, le navigateur utilis\u00e9, le temps de navigation, historique de recherche, le syst\u00e8me d\u2019exploitation utilis\u00e9, la langue et les pages visualis\u00e9es.<\/li><li>Donn\u00e9es relatives \u00e0 l\u2019utilisation des r\u00e9seaux sociaux : lorsque vous interagissez avec les fonctionnalit\u00e9s de r\u00e9seaux sociaux.<\/li><\/ul>\n\n\n\n<h2 class=\"wp-block-heading\">Comment vos donn\u00e9es sont-elles collect\u00e9es?<\/h2>\n\n\n\n<p>En fonction de la fa\u00e7on dont vous interagissez avec l\u2019Organisation, cette derni\u00e8re est susceptible de collecter vos donn\u00e9es selon les modalit\u00e9s d\u00e9crites comme suit.<\/p>\n\n\n\n<p>L\u2019Organisation collecte vos donn\u00e9es directement aupr\u00e8s de vous lorsque notamment vous remplissez un formulaire de contact ou d\u2019inscription, vous passez une commande, ou encore, que vous vous adressez \u00e0 l\u2019Organisation (par exemple en lui adressant un courriel).<\/p>\n\n\n\n<p>L\u2019Organisation collecte indirectement vos donn\u00e9es lorsque vous naviguez sur les sites au moyen de cookies et de balises dans les conditions d\u00e9finies pr\u00e9c\u00e9demment. L\u2019Organisation collecte aussi vos donn\u00e9es via des tiers, dont les r\u00e9seaux sociaux, lorsque vous utilisez le compte dont vous \u00eates titulaire aupr\u00e8s de ces tiers pour vous connecter ou vous inscrire \u00e0 un \u00e9v\u00e9nement.<\/p>\n\n\n\n<p>Lorsque vous communiquez des donn\u00e9es \u00e0 l\u2019Organisation, il vous appartient de vous assurer qu\u2019elles sont exactes et compl\u00e8tes. Le cas \u00e9ch\u00e9ant, vous devez les mettre \u00e0 jour.<\/p>\n\n\n\n<h2 class=\"wp-block-heading\">Pourquoi vos donn\u00e9es sont-elles collect\u00e9es?<\/h2>\n\n\n\n<p>Vos donn\u00e9es font l\u2019objet de traitements automatis\u00e9s mis en \u0153uvre par l\u2019Organisation pour les diverses finalit\u00e9s ci-apr\u00e8s d\u00e9crites tant dans le cadre de votre utilisation des sites que de votre participation aux \u00e9v\u00e9nements organis\u00e9s par l\u2019Organisation.<\/p>\n\n\n\n<p>Vos donn\u00e9es sont trait\u00e9es pour g\u00e9rer les demandes que vous formulez et vous contacter, g\u00e9rer vos commandes et organiser votre pr\u00e9sence aux \u00e9v\u00e9nements.<\/p>\n\n\n\n<p>Avec votre consentement lorsqu\u2019il est requis, vos donn\u00e9es sont aussi susceptibles d\u2019\u00eatre trait\u00e9es pour vous adresser des informations et des nouvelles, analyser vos pr\u00e9f\u00e9rences et vos habitudes, personnaliser et optimiser votre exp\u00e9rience sur nos sites en vous permettant notamment d\u2019acc\u00e9der \u00e0 certaines fonctionnalit\u00e9s ainsi que pour d\u00e9velopper l\u2019interactivit\u00e9 des sites, r\u00e9aliser des statistiques notamment sur l\u2019efficacit\u00e9 de nos campagnes de prospection.<\/p>\n\n\n\n<h2 class=\"wp-block-heading\">\u00c0 qui vos donn\u00e9es sont-elles destin\u00e9es?<\/h2>\n\n\n\n<p>Vos donn\u00e9es sont trait\u00e9es par les \u00e9quipes internes de l\u2019Organisation. En outre, seuls les prestataires de service et leur personnel limitativement habilit\u00e9s sont autoris\u00e9s \u00e0 acc\u00e9der \u00e0 vos donn\u00e9es, et ce, eu \u00e9gard aux prestations sp\u00e9cifiques qui leur sont confi\u00e9es et qu\u2019ils doivent r\u00e9aliser pour le compte exclusif de l\u2019Organisation dans le strict respect d\u2019obligations notamment de s\u00e9curit\u00e9 et de confidentialit\u00e9.<\/p>\n\n\n\n<h2 class=\"wp-block-heading\">Comment vos donn\u00e9es sont-elles prot\u00e9g\u00e9es?<\/h2>\n\n\n\n<p>L\u2019Organisation prend toutes pr\u00e9cautions utiles afin de pr\u00e9server la s\u00e9curit\u00e9 et la confidentialit\u00e9 de vos donn\u00e9es afin, notamment, d\u2019emp\u00eacher qu\u2019elles soient d\u00e9form\u00e9es, endommag\u00e9es, divulgu\u00e9es et que des tiers non autoris\u00e9s y aient acc\u00e8s.<\/p>\n\n\n\n<h2 class=\"wp-block-heading\">Quels sont vos droits?<\/h2>\n\n\n\n<p>Conform\u00e9ment \u00e0 la r\u00e9glementation applicable, vous pouvez \u00e0 tout moment exercer votre droit d\u2019acc\u00e8s aux donn\u00e9es, de rectification et de suppression des donn\u00e9es vous concernant ainsi que vous opposer au traitement desdites donn\u00e9es.<\/p>\n\n\n\n<p>Dans les conditions d\u00e9finies par la r\u00e9glementation, vous disposez \u00e9galement d\u2019un droit de d\u00e9finir des directives g\u00e9n\u00e9rales ou particuli\u00e8res relatives au sort de vos donn\u00e9es apr\u00e8s votre d\u00e9c\u00e8s. Vous \u00eates toutefois inform\u00e9 que seules les directives particuli\u00e8res relatives aux traitements de donn\u00e9es mis en \u0153uvre par l\u2019Organisation pour les finalit\u00e9s d\u00e9finies dans la pr\u00e9sente Politique seront enregistr\u00e9es par l\u2019Organisation sous r\u00e9serve de son consentement sp\u00e9cifique.<\/p>\n\n\n\n<p>Lorsqu\u2019ils sont applicables, vous disposez enfin d\u2019un droit \u00e0 l\u2019effacement, d\u2019un droit \u00e0 la limitation du traitement de vos donn\u00e9es ainsi que d\u2019un droit \u00e0 la portabilit\u00e9 desdites donn\u00e9es, uniquement et seulement dans les conditions strictement d\u00e9finies par la r\u00e9glementation applicable.<\/p>\n\n\n\n<p>Lorsque vos donn\u00e9es sont trait\u00e9es avec votre consentement, vous pouvez, \u00e0 tout moment, le r\u00e9voquer. Vous \u00eates cependant inform\u00e9s que les traitements mis en \u0153uvre ant\u00e9rieurement \u00e0 cette r\u00e9vocation demeureront valables.<\/p>\n\n\n\n<p>Vous pouvez exercer vos droits en contactant l\u2019Organisation aux coordonn\u00e9es suivantes : Club Sagacit\u00e9 \u2013 3523a Boul St-Laurent, Montr\u00e9al, QC H2X 2T6 ou&nbsp;<a href=\"mailto:info@clubsagacite.com\">info@clubsagacite.com<\/a>. Vous \u00eates en outre inform\u00e9 que dans certains cas, les fonctionnalit\u00e9s des sites vous permettent de consulter et de modifier les donn\u00e9es que vous avez communiqu\u00e9es \u00e0 l\u2019Organisation.<\/p>\n\n\n\n<h2 class=\"wp-block-heading\">Pendant combien de temps conservons-nous vos donn\u00e9es?<\/h2>\n\n\n\n<p>L\u2019Organisation conserve vos donn\u00e9es pendant une dur\u00e9e qui n\u2019exc\u00e8de pas la dur\u00e9e n\u00e9cessaire aux finalit\u00e9s expos\u00e9es par la pr\u00e9sente Politique. Au-del\u00e0, vos donn\u00e9es sont susceptibles d\u2019\u00eatre archiv\u00e9es ou supprim\u00e9es pour respecter les obligations l\u00e9gales auxquelles l\u2019Organisation est soumise.<\/p>\n\n\n\n<p>Les donn\u00e9es permettant d\u2019\u00e9tablir la preuve d\u2019un droit ou d\u2019un contrat, ou conserver au titre du respect d\u2019une obligation l\u00e9gale par l\u2019Organisation sont archiv\u00e9es conform\u00e9ment aux dispositions en vigueur.<\/p>\n\n\n\n<h2 class=\"wp-block-heading\">Qu\u2019est-ce que des cookies?<\/h2>\n\n\n\n<p>Un cookie est un fichier texte stock\u00e9 par votre navigateur sur un espace d\u00e9di\u00e9 du disque dur de votre terminal, \u00e0 l\u2019occasion de la consultation d\u2019un site internet. Il permet \u00e0 son \u00e9metteur d\u2019identifier le terminal dans lequel il est d\u00e9pos\u00e9 pendant sa dur\u00e9e de validit\u00e9 et de garder en m\u00e9moire certaines informations relatives \u00e0 votre parcours, notamment, afin de simplifier votre navigation sur les sites internet ou vous proposer des contenus adapt\u00e9s \u00e0 vos centres d\u2019int\u00e9r\u00eat.<\/p>\n\n\n\n<h2 class=\"wp-block-heading\">Comment les g\u00e9rer et les d\u00e9sactiver ?<\/h2>\n\n\n\n<p>Vous pouvez modifier les param\u00e8tres de votre navigateur relatifs aux cookies afin de d\u00e9sactiver tout ou une partie des cookies :<\/p>\n\n\n\n<ul><li>Pour Internet Explorer\u2122 : ouvrez le menu \u00ab Outils \u00bb, puis s\u00e9lectionnez \u00ab Options internet \u00bb ; cliquez sur l\u2019onglet \u00ab Confidentialit\u00e9 \u00bb puis l\u2019onglet \u00ab Avanc\u00e9 \u00bb choisissez le niveau souhait\u00e9 ou suivez ce lien:&nbsp;<a href=\"http:\/\/windows.microsoft.com\/fr-FR\/windows-vista\/Block-or-allow-cookies\" target=\"_blank\" rel=\"noreferrer noopener\">http:\/\/windows.microsoft.com\/fr-FR\/windows-vista\/Block-or-allow-cookies<\/a><\/li><li>Pour Firefox\u2122 : ouvrez le menu \u00ab Outils \u00bb, puis s\u00e9lectionnez \u00ab Options \u00bb ; cliquez sur l\u2019onglet \u00ab Vie priv\u00e9e \u00bb puis choisissez les options souhait\u00e9es ou suivez ce lien:<br><a href=\"http:\/\/support.mozilla.org\/fr\/kb\/Activer%20et%20d%C3%A9sactiver%20les%20cookies\" target=\"_blank\" rel=\"noreferrer noopener\">http:\/\/support.mozilla.org\/fr\/kb\/Activer%20et%20d%C3%A9sactiver%20les%20cookies<\/a><\/li><li>Pour Chrome\u2122 : ouvrez le menu de configuration (logo cl\u00e9 \u00e0 molette), puis s\u00e9lectionnez \u00ab Options \u00bb ; cliquez sur \u00ab Options avanc\u00e9es \u00bb puis dans la section \u00ab Confidentialit\u00e9 \u00bb, cliquez sur \u00ab Param\u00e8tres de contenu \u00bb, et choisissez les options souhait\u00e9es ou suivez le lien suivant:&nbsp;<a href=\"http:\/\/support.google.com\/chrome\/bin\/answer.py?hl=fr&amp;hlrm=en&amp;answer=95647\" target=\"_blank\" rel=\"noreferrer noopener\">http:\/\/support.google.com\/chrome\/bin\/answer.py?hl=fr&amp;hlrm=en&amp;answer=95647<\/a><\/li><li>Pour Opera\u2122 : ouvrez le menu \u00ab Outils \u00bb ou \u00ab R\u00e9glages \u00bb, puis s\u00e9lectionnez \u00ab Supprimer les donn\u00e9es priv\u00e9es \u00bb ; cliquez sur l\u2019onglet \u00ab Options d\u00e9taill\u00e9es \u00bb, puis choisissez les options souhait\u00e9es ou suivez ce lien :&nbsp;<a href=\"http:\/\/help.opera.com\/Windows\/10.20\/fr\/cookies.html\" target=\"_blank\" rel=\"noreferrer noopener\">http:\/\/help.opera.com\/Windows\/10.20\/fr\/cookies.html<\/a><\/li><\/ul>\n\n\n\n<p>Les principales soci\u00e9t\u00e9s gestionnaires des r\u00e9seaux sociaux disposent \u00e9galement de pages d\u00e9di\u00e9es aux Cookies comme pr\u00e9sent\u00e9s ci-dessous :<\/p>\n\n\n\n<ul><li>Pour Facebook :&nbsp;<a href=\"https:\/\/www.facebook.com\/policies\/cookies\" target=\"_blank\" rel=\"noreferrer noopener\">https:\/\/www.facebook.com\/policies\/cookies<\/a><\/li><li>Pour Twitter :&nbsp;<a href=\"https:\/\/support.twitter.com\/articles\/20171379-twitter-prend-en-charge-la-desactivation-du-suivi-dnt#\" target=\"_blank\" rel=\"noreferrer noopener\">https:\/\/support.twitter.com\/articles\/20171379-twitter-prend-en-charge-la-desactivation-du-suivi-dnt#<\/a><\/li><li>Pour Google :&nbsp;<a href=\"https:\/\/support.google.com\/accounts\/answer\/61416?hl=fr\" target=\"_blank\" rel=\"noreferrer noopener\">https:\/\/support.google.com\/accounts\/answer\/61416?hl=fr<\/a><\/li><li>Pour LinkedIn :&nbsp;<a href=\"http:\/\/www.linkedin.com\/legal\/cookie-policy\" target=\"_blank\" rel=\"noreferrer noopener\">http:\/\/www.linkedin.com\/legal\/cookie-policy<\/a><\/li><\/ul>\n\n\n\n<p>En ce qui concerne les r\u00e9seaux sociaux, l\u2019utilisateur doit suivre les d\u00e9marches sp\u00e9cifiques au r\u00e9seau social concern\u00e9 pour d\u00e9sactiver les cookies.<\/p>\n\n\n\n<h2 class=\"wp-block-heading\">Modification de la politique de protection des donn\u00e9es<\/h2>\n\n\n\n<p>Toute modification par l\u2019Organisation de la pr\u00e9sente Politique fera l\u2019objet d\u2019une mise \u00e0 jour sur le site.<\/p>\n\n\n\n<p>L\u2019utilisateur est invit\u00e9 \u00e0 consulter r\u00e9guli\u00e8rement la pr\u00e9sente Politique afin de prendre connaissance de toute mise \u00e0 jour ou modification.<\/p>\n\n\n\n<p>Si l\u2019une quelconque des clauses de la pr\u00e9sente Politique est d\u00e9clar\u00e9e nulle ou contraire \u00e0 la r\u00e9glementation, elle sera r\u00e9put\u00e9e non \u00e9crite, mais n\u2019entra\u00eenera pas la nullit\u00e9 des autres clauses de la Politique.<\/p>\n\n\n\n<p><em>Mis \u00e0 jour le 27 avril 2022<\/em><\/p>\n","protected":false},"excerpt":{"rendered":"<p>En poursuivant votre navigation, vous acceptez l\u2019utilisation de Cookies pour assurer le bon fonctionnement et l\u2019interactivit\u00e9 du site, personnaliser votre navigation, et mesurer l\u2019audience du site dans le respect de notre politique de protection de votre vie priv\u00e9e. La pr\u00e9sente politique de protection des donn\u00e9es \u00e0 caract\u00e8re personnel (ci-apr\u00e8s la \u00ab Politique \u00bb) \u00e9nonce les [&hellip;]<\/p>\n","protected":false},"author":1,"featured_media":0,"parent":0,"menu_order":0,"comment_status":"closed","ping_status":"closed","template":"","meta":[],"acf":[],"yoast_head":"<!-- This site is optimized with the Yoast SEO plugin v20.6 - https:\/\/yoast.com\/wordpress\/plugins\/seo\/ -->\n<title>Vie priv\u00e9e | Club Sagacit\u00e9<\/title>\n<meta name=\"robots\" content=\"index, follow, max-snippet:-1, max-image-preview:large, max-video-preview:-1\" \/>\n<link rel=\"canonical\" href=\"https:\/\/clubsagacite.com\/fr\/vie-privee\/\" \/>\n<meta property=\"og:locale\" content=\"fr_FR\" \/>\n<meta property=\"og:type\" content=\"article\" \/>\n<meta property=\"og:title\" content=\"Vie priv\u00e9e | Club Sagacit\u00e9\" \/>\n<meta property=\"og:description\" content=\"En poursuivant votre navigation, vous acceptez l\u2019utilisation de Cookies pour assurer le bon fonctionnement et l\u2019interactivit\u00e9 du site, personnaliser votre navigation, et mesurer l\u2019audience du site dans le respect de notre politique de protection de votre vie priv\u00e9e. La pr\u00e9sente politique de protection des donn\u00e9es \u00e0 caract\u00e8re personnel (ci-apr\u00e8s la \u00ab Politique \u00bb) \u00e9nonce les [&hellip;]\" \/>\n<meta property=\"og:url\" content=\"https:\/\/clubsagacite.com\/fr\/vie-privee\/\" \/>\n<meta property=\"og:site_name\" content=\"Club Sagacit\u00e9\" \/>\n<meta property=\"article:publisher\" content=\"https:\/\/www.facebook.com\/clubsagacite\" \/>\n<meta property=\"article:modified_time\" content=\"2022-04-28T04:55:24+00:00\" \/>\n<meta property=\"og:image\" content=\"https:\/\/clubsagacite.com\/wp-content\/uploads\/2022\/04\/club-sagacite-socials.png\" \/>\n\t<meta property=\"og:image:width\" content=\"1920\" \/>\n\t<meta property=\"og:image:height\" content=\"1080\" \/>\n\t<meta property=\"og:image:type\" content=\"image\/png\" \/>\n<meta name=\"twitter:card\" content=\"summary_large_image\" \/>\n<meta name=\"twitter:site\" content=\"@clubsagacite\" \/>\n<meta name=\"twitter:label1\" content=\"Dur\u00e9e de lecture estim\u00e9e\" \/>\n\t<meta name=\"twitter:data1\" content=\"7 minutes\" \/>\n<script type=\"application\/ld+json\" class=\"yoast-schema-graph\">{\"@context\":\"https:\/\/schema.org\",\"@graph\":[{\"@type\":\"WebPage\",\"@id\":\"https:\/\/clubsagacite.com\/fr\/vie-privee\/\",\"url\":\"https:\/\/clubsagacite.com\/fr\/vie-privee\/\",\"name\":\"Vie priv\u00e9e | Club Sagacit\u00e9\",\"isPartOf\":{\"@id\":\"https:\/\/clubsagacite.com\/fr\/#website\"},\"datePublished\":\"2022-04-23T01:29:24+00:00\",\"dateModified\":\"2022-04-28T04:55:24+00:00\",\"breadcrumb\":{\"@id\":\"https:\/\/clubsagacite.com\/fr\/vie-privee\/#breadcrumb\"},\"inLanguage\":\"fr-FR\",\"potentialAction\":[{\"@type\":\"ReadAction\",\"target\":[\"https:\/\/clubsagacite.com\/fr\/vie-privee\/\"]}]},{\"@type\":\"BreadcrumbList\",\"@id\":\"https:\/\/clubsagacite.com\/fr\/vie-privee\/#breadcrumb\",\"itemListElement\":[{\"@type\":\"ListItem\",\"position\":1,\"name\":\"Home\",\"item\":\"https:\/\/clubsagacite.com\/fr\/\"},{\"@type\":\"ListItem\",\"position\":2,\"name\":\"Vie priv\u00e9e\"}]},{\"@type\":\"WebSite\",\"@id\":\"https:\/\/clubsagacite.com\/fr\/#website\",\"url\":\"https:\/\/clubsagacite.com\/fr\/\",\"name\":\"Club Sagacit\u00e9\",\"description\":\"Espace cr\u00e9atif et communaut\u00e9 bas\u00e9e \u00e0 Montr\u00e9al\/Tiohti\u00e0:ke.\",\"publisher\":{\"@id\":\"https:\/\/clubsagacite.com\/fr\/#organization\"},\"potentialAction\":[{\"@type\":\"SearchAction\",\"target\":{\"@type\":\"EntryPoint\",\"urlTemplate\":\"https:\/\/clubsagacite.com\/fr\/?s={search_term_string}\"},\"query-input\":\"required name=search_term_string\"}],\"inLanguage\":\"fr-FR\"},{\"@type\":\"Organization\",\"@id\":\"https:\/\/clubsagacite.com\/fr\/#organization\",\"name\":\"Club Sagacit\u00e9\",\"url\":\"https:\/\/clubsagacite.com\/fr\/\",\"logo\":{\"@type\":\"ImageObject\",\"inLanguage\":\"fr-FR\",\"@id\":\"https:\/\/clubsagacite.com\/fr\/#\/schema\/logo\/image\/\",\"url\":\"https:\/\/clubsagacite.com\/wp-content\/uploads\/2022\/04\/csc-logo.png\",\"contentUrl\":\"https:\/\/clubsagacite.com\/wp-content\/uploads\/2022\/04\/csc-logo.png\",\"width\":1087,\"height\":1087,\"caption\":\"Club Sagacit\u00e9\"},\"image\":{\"@id\":\"https:\/\/clubsagacite.com\/fr\/#\/schema\/logo\/image\/\"},\"sameAs\":[\"https:\/\/www.facebook.com\/clubsagacite\",\"https:\/\/twitter.com\/clubsagacite\"]}]}<\/script>\n<!-- \/ Yoast SEO plugin. -->","yoast_head_json":{"title":"Vie priv\u00e9e | Club Sagacit\u00e9","robots":{"index":"index","follow":"follow","max-snippet":"max-snippet:-1","max-image-preview":"max-image-preview:large","max-video-preview":"max-video-preview:-1"},"canonical":"https:\/\/clubsagacite.com\/fr\/vie-privee\/","og_locale":"fr_FR","og_type":"article","og_title":"Vie priv\u00e9e | Club Sagacit\u00e9","og_description":"En poursuivant votre navigation, vous acceptez l\u2019utilisation de Cookies pour assurer le bon fonctionnement et l\u2019interactivit\u00e9 du site, personnaliser votre navigation, et mesurer l\u2019audience du site dans le respect de notre politique de protection de votre vie priv\u00e9e. La pr\u00e9sente politique de protection des donn\u00e9es \u00e0 caract\u00e8re personnel (ci-apr\u00e8s la \u00ab Politique \u00bb) \u00e9nonce les [&hellip;]","og_url":"https:\/\/clubsagacite.com\/fr\/vie-privee\/","og_site_name":"Club Sagacit\u00e9","article_publisher":"https:\/\/www.facebook.com\/clubsagacite","article_modified_time":"2022-04-28T04:55:24+00:00","og_image":[{"width":1920,"height":1080,"url":"https:\/\/clubsagacite.com\/wp-content\/uploads\/2022\/04\/club-sagacite-socials.png","type":"image\/png"}],"twitter_card":"summary_large_image","twitter_site":"@clubsagacite","twitter_misc":{"Dur\u00e9e de lecture estim\u00e9e":"7 minutes"},"schema":{"@context":"https:\/\/schema.org","@graph":[{"@type":"WebPage","@id":"https:\/\/clubsagacite.com\/fr\/vie-privee\/","url":"https:\/\/clubsagacite.com\/fr\/vie-privee\/","name":"Vie priv\u00e9e | Club Sagacit\u00e9","isPartOf":{"@id":"https:\/\/clubsagacite.com\/fr\/#website"},"datePublished":"2022-04-23T01:29:24+00:00","dateModified":"2022-04-28T04:55:24+00:00","breadcrumb":{"@id":"https:\/\/clubsagacite.com\/fr\/vie-privee\/#breadcrumb"},"inLanguage":"fr-FR","potentialAction":[{"@type":"ReadAction","target":["https:\/\/clubsagacite.com\/fr\/vie-privee\/"]}]},{"@type":"BreadcrumbList","@id":"https:\/\/clubsagacite.com\/fr\/vie-privee\/#breadcrumb","itemListElement":[{"@type":"ListItem","position":1,"name":"Home","item":"https:\/\/clubsagacite.com\/fr\/"},{"@type":"ListItem","position":2,"name":"Vie priv\u00e9e"}]},{"@type":"WebSite","@id":"https:\/\/clubsagacite.com\/fr\/#website","url":"https:\/\/clubsagacite.com\/fr\/","name":"Club Sagacit\u00e9","description":"Espace cr\u00e9atif et communaut\u00e9 bas\u00e9e \u00e0 Montr\u00e9al\/Tiohti\u00e0:ke.","publisher":{"@id":"https:\/\/clubsagacite.com\/fr\/#organization"},"potentialAction":[{"@type":"SearchAction","target":{"@type":"EntryPoint","urlTemplate":"https:\/\/clubsagacite.com\/fr\/?s={search_term_string}"},"query-input":"required name=search_term_string"}],"inLanguage":"fr-FR"},{"@type":"Organization","@id":"https:\/\/clubsagacite.com\/fr\/#organization","name":"Club Sagacit\u00e9","url":"https:\/\/clubsagacite.com\/fr\/","logo":{"@type":"ImageObject","inLanguage":"fr-FR","@id":"https:\/\/clubsagacite.com\/fr\/#\/schema\/logo\/image\/","url":"https:\/\/clubsagacite.com\/wp-content\/uploads\/2022\/04\/csc-logo.png","contentUrl":"https:\/\/clubsagacite.com\/wp-content\/uploads\/2022\/04\/csc-logo.png","width":1087,"height":1087,"caption":"Club Sagacit\u00e9"},"image":{"@id":"https:\/\/clubsagacite.com\/fr\/#\/schema\/logo\/image\/"},"sameAs":["https:\/\/www.facebook.com\/clubsagacite","https:\/\/twitter.com\/clubsagacite"]}]}},"_links":{"self":[{"href":"https:\/\/clubsagacite.com\/fr\/wp-json\/wp\/v2\/pages\/33"}],"collection":[{"href":"https:\/\/clubsagacite.com\/fr\/wp-json\/wp\/v2\/pages"}],"about":[{"href":"https:\/\/clubsagacite.com\/fr\/wp-json\/wp\/v2\/types\/page"}],"author":[{"embeddable":true,"href":"https:\/\/clubsagacite.com\/fr\/wp-json\/wp\/v2\/users\/1"}],"replies":[{"embeddable":true,"href":"https:\/\/clubsagacite.com\/fr\/wp-json\/wp\/v2\/comments?post=33"}],"version-history":[{"count":2,"href":"https:\/\/clubsagacite.com\/fr\/wp-json\/wp\/v2\/pages\/33\/revisions"}],"predecessor-version":[{"id":69,"href":"https:\/\/clubsagacite.com\/fr\/wp-json\/wp\/v2\/pages\/33\/revisions\/69"}],"wp:attachment":[{"href":"https:\/\/clubsagacite.com\/fr\/wp-json\/wp\/v2\/media?parent=33"}],"curies":[{"name":"wp","href":"https:\/\/api.w.org\/{rel}","templated":true}]}}