{"id":37,"date":"2022-04-23T01:30:16","date_gmt":"2022-04-23T05:30:16","guid":{"rendered":"https:\/\/clubsagacite.com\/?page_id=37"},"modified":"2024-03-07T20:10:57","modified_gmt":"2024-03-08T01:10:57","slug":"conditions","status":"publish","type":"page","link":"https:\/\/clubsagacite.com\/fr\/conditions\/","title":{"rendered":"Conditions"},"content":{"rendered":"\n<p class=\"has-small-font-size\"><em>Mis \u00e0 jour le 24 juillet 2022<\/em><\/p>\n\n\n\n<p><strong>Acceptation des risques<\/strong><\/p>\n\n\n\n<p>En vous inscrivant au Club Sagacit\u00e9, vous avez pris connaissance de la nature de l\u2019activit\u00e9 et du genre d\u2019\u00e9v\u00e9nements organis\u00e9s par&nbsp;Club Sagacit\u00e9 et\/ou Musique Moonshine,&nbsp; lesquels impliquent la pratique d&rsquo;activit\u00e9s artistiques et sportives, et \u00eates conscient qu&rsquo;en y participant vous vous exposez \u00e0 des risques de blessures.<\/p>\n\n\n\n<p>Vous reconnaissez et acceptez que c&rsquo;est en toute connaissance de ces risques que vous avez choisi d\u2019acc\u00e9der au site et\/ou de participer aux \u00e9v\u00e9nements de&nbsp;Club Sagacit\u00e9 et\/ou Musique Moonshine.<\/p>\n\n\n\n<p><strong>Renonciation \u00e0 tous recours pour dommages mat\u00e9riels<\/strong><\/p>\n\n\n\n<p>En plus de votre acceptation des risques, vous renoncez \u00e0 exercer tout recours pour tout dommage mat\u00e9riel que vous pourriez subir sur le site et\/ou lors de votre participation \u00e0 l\u2019un ou plusieurs des \u00e9v\u00e9nements sanctionn\u00e9s par&nbsp;Club Sagacit\u00e9 et\/ou Musique Moonshine,&nbsp;&nbsp;que ces dommages mat\u00e9riels soient caus\u00e9s par un accident, par la faute d\u2019un tiers ou autrement. La pr\u00e9sente renonciation b\u00e9n\u00e9ficie \u00e0&nbsp;Club Sagacit\u00e9 et\/ou Musique Moonshine, ses administrateurs, ses employ\u00e9s, ses membres, et ayants droits ainsi qu\u2019aux promoteurs, participants, animateurs, intervenants, commanditaires, annonceurs, ou toute autre personne physique ou morale ayant particip\u00e9 \u00e0 la r\u00e9alisation de l\u2019activit\u00e9, \u00e0 sa mise en place, ou \u00e0 sa promotion.<\/p>\n\n\n\n<p><strong>Politique de priv\u00e9e<\/strong><\/p>\n\n\n\n<p>Veuillez consulter r\u00e9guli\u00e8rement notre politique de confidentialit\u00e9 afin de savoir quelles informations personnelles nous recueillons lorsque vous utilisez l\u2019un de nos sites Web, comment nous utilisons et divulguons ces informations, ainsi que d\u2019autres sujets importants relatifs \u00e0 votre vie priv\u00e9e. En acc\u00e9dant \u00e0 l\u2019un de nos sites Web ou en l\u2019utilisant de quelque mani\u00e8re que ce soit, vous signifiez votre consentement \u00e0 toutes les conditions de notre politique de confidentialit\u00e9. Si vous n\u2019\u00eates pas d\u2019accord avec l\u2019une des conditions de notre politique de confidentialit\u00e9, veuillez ne pas acc\u00e9der ou utiliser l\u2019un de nos sites Web. Vous pouvez lire notre politique de confidentialit\u00e9 compl\u00e8te&nbsp;<a href=\"https:\/\/clubsagacite.local\/fr\/vie-privee\">ici<\/a>.<\/p>\n\n\n\n<p><strong>Propri\u00e9t\u00e9 intellectuelle<\/strong><\/p>\n\n\n\n<p>Il est interdit de modifier, de reproduire, de distribuer, de cr\u00e9er des \u0153uvres d\u00e9riv\u00e9es ou des adaptations, d\u2019afficher publiquement ou d\u2019exploiter de quelque fa\u00e7on que ce soit un site Web, un \u00e9l\u00e9ment d\u2019un site Web ou le contenu d\u2019un site Web, en tout ou en partie, sauf autorisation expresse du Club Sagacit\u00e9.<\/p>\n\n\n\n<p><strong>Comment puis-je vous joindre?<\/strong><\/p>\n\n\n\n<p><a href=\"mailto:info@clubsagacite.com\">info@clubsagacite.com<\/a><\/p>\n\n\n\n<p>&#8212;<\/p>\n\n\n\n<p><strong>R\u00c8GLEMENTS INTERNES ET DIRECTIVES COMMUNAUTAIRES DU CLUB SAGACIT\u00c9<\/strong><\/p>\n\n\n\n<ol>\n<li>Le Club Sagacit\u00e9 est un espace d&rsquo;apprentissage, de connexions significatives et de partage de comp\u00e9tences. Cultivez un esprit de gr\u00e2ce, de compassion et d&rsquo;encouragement dans vos interactions avec ceux qui vous entourent.<\/li>\n\n\n\n<li>Les membres, les invit\u00e9s et le personnel sont tenus aux normes les plus \u00e9lev\u00e9es de respect, de gentillesse et de courtoisie.<\/li>\n\n\n\n<li>Soyez respectueux de l&rsquo;espace du club et de son \u00e9quipement, reconnaissant la nature partag\u00e9e de ces ressources pendant les heures d&rsquo;ouverture.<\/li>\n\n\n\n<li>L&rsquo;acc\u00e8s \u00e0 l&rsquo;espace du club pendant les heures r\u00e9serv\u00e9es aux membres est un privil\u00e8ge exclusivement r\u00e9serv\u00e9 aux membres enregistr\u00e9s. Les membres doivent en \u00eatre conscients avant d&rsquo;inviter des visiteurs.<\/li>\n\n\n\n<li>Inspirez le partage de comp\u00e9tences et le mentorat entre les membres, favorisant un environnement de croissance continue.<\/li>\n\n\n\n<li>Communiquez rapidement toute pr\u00e9occupation au personnel d\u00e8s leur arriv\u00e9e et signalez les probl\u00e8mes de s\u00e9curit\u00e9 sans d\u00e9lai.<\/li>\n\n\n\n<li>Les zones fumeurs d\u00e9sign\u00e9es se trouvent \u00e0 l&rsquo;ext\u00e9rieur de l&rsquo;espace du club.<\/li>\n\n\n\n<li>Notre personnel et nos collaborateurs sont pr\u00eats \u00e0 vous guider de mani\u00e8re cr\u00e9ative et \u00e0 vous mettre en relation avec des mentors. N&rsquo;h\u00e9sitez pas \u00e0 les solliciter si vous cherchez une telle orientation.<\/li>\n\n\n\n<li>Maintenez une norme de propret\u00e9 et d&rsquo;ordre ; prenez la responsabilit\u00e9 de nettoyer apr\u00e8s vous-m\u00eame et assurez-vous de laisser l&rsquo;espace dans l&rsquo;\u00e9tat o\u00f9 vous l&rsquo;avez trouv\u00e9.<\/li>\n\n\n\n<li>Reconnaissez que des conflits personnels peuvent survenir ; engagez-vous \u00e0 une r\u00e9solution saine des conflits pour favoriser un environnement communautaire positif.<\/li>\n\n\n\n<li>Bien que notre espace soit ouvert \u00e0 tous, notre engagement et notre mission donnent la priorit\u00e9 aux personnes d&rsquo;ascendance afro-descendante et aux identit\u00e9s marginalis\u00e9es.<\/li>\n\n\n\n<li>L&rsquo;organisation se r\u00e9serve le droit de r\u00e9silier les adh\u00e9sions \u00e0 sa discr\u00e9tion, pr\u00e9servant l&rsquo;int\u00e9grit\u00e9 et les valeurs du Club Sagacit\u00e9.<\/li>\n<\/ol>\n","protected":false},"excerpt":{"rendered":"<p>Mis \u00e0 jour le 24 juillet 2022 Acceptation des risques En vous inscrivant au Club Sagacit\u00e9, vous avez pris connaissance de la nature de l\u2019activit\u00e9 et du genre d\u2019\u00e9v\u00e9nements organis\u00e9s par&nbsp;Club Sagacit\u00e9 et\/ou Musique Moonshine,&nbsp; lesquels impliquent la pratique d&rsquo;activit\u00e9s artistiques et sportives, et \u00eates conscient qu&rsquo;en y participant vous vous exposez \u00e0 des risques [&hellip;]<\/p>\n","protected":false},"author":1,"featured_media":0,"parent":0,"menu_order":0,"comment_status":"closed","ping_status":"closed","template":"","meta":[],"acf":[],"yoast_head":"<!-- This site is optimized with the Yoast SEO plugin v20.6 - https:\/\/yoast.com\/wordpress\/plugins\/seo\/ -->\n<title>Conditions | Club Sagacit\u00e9<\/title>\n<meta name=\"robots\" content=\"index, follow, max-snippet:-1, max-image-preview:large, max-video-preview:-1\" \/>\n<link rel=\"canonical\" href=\"https:\/\/clubsagacite.com\/fr\/conditions\/\" \/>\n<meta property=\"og:locale\" content=\"fr_FR\" \/>\n<meta property=\"og:type\" content=\"article\" \/>\n<meta property=\"og:title\" content=\"Conditions | Club Sagacit\u00e9\" \/>\n<meta property=\"og:description\" content=\"Mis \u00e0 jour le 24 juillet 2022 Acceptation des risques En vous inscrivant au Club Sagacit\u00e9, vous avez pris connaissance de la nature de l\u2019activit\u00e9 et du genre d\u2019\u00e9v\u00e9nements organis\u00e9s par&nbsp;Club Sagacit\u00e9 et\/ou Musique Moonshine,&nbsp; lesquels impliquent la pratique d&rsquo;activit\u00e9s artistiques et sportives, et \u00eates conscient qu&rsquo;en y participant vous vous exposez \u00e0 des risques [&hellip;]\" \/>\n<meta property=\"og:url\" content=\"https:\/\/clubsagacite.com\/fr\/conditions\/\" \/>\n<meta property=\"og:site_name\" content=\"Club Sagacit\u00e9\" \/>\n<meta property=\"article:publisher\" content=\"https:\/\/www.facebook.com\/clubsagacite\" \/>\n<meta property=\"article:modified_time\" content=\"2024-03-08T01:10:57+00:00\" \/>\n<meta property=\"og:image\" content=\"https:\/\/clubsagacite.com\/wp-content\/uploads\/2022\/04\/club-sagacite-socials.png\" \/>\n\t<meta property=\"og:image:width\" content=\"1920\" \/>\n\t<meta property=\"og:image:height\" content=\"1080\" \/>\n\t<meta property=\"og:image:type\" content=\"image\/png\" \/>\n<meta name=\"twitter:card\" content=\"summary_large_image\" \/>\n<meta name=\"twitter:site\" content=\"@clubsagacite\" \/>\n<meta name=\"twitter:label1\" content=\"Dur\u00e9e de lecture estim\u00e9e\" \/>\n\t<meta name=\"twitter:data1\" content=\"3 minutes\" \/>\n<script type=\"application\/ld+json\" class=\"yoast-schema-graph\">{\"@context\":\"https:\/\/schema.org\",\"@graph\":[{\"@type\":\"WebPage\",\"@id\":\"https:\/\/clubsagacite.com\/fr\/conditions\/\",\"url\":\"https:\/\/clubsagacite.com\/fr\/conditions\/\",\"name\":\"Conditions | Club Sagacit\u00e9\",\"isPartOf\":{\"@id\":\"https:\/\/clubsagacite.com\/fr\/#website\"},\"datePublished\":\"2022-04-23T05:30:16+00:00\",\"dateModified\":\"2024-03-08T01:10:57+00:00\",\"breadcrumb\":{\"@id\":\"https:\/\/clubsagacite.com\/fr\/conditions\/#breadcrumb\"},\"inLanguage\":\"fr-FR\",\"potentialAction\":[{\"@type\":\"ReadAction\",\"target\":[\"https:\/\/clubsagacite.com\/fr\/conditions\/\"]}]},{\"@type\":\"BreadcrumbList\",\"@id\":\"https:\/\/clubsagacite.com\/fr\/conditions\/#breadcrumb\",\"itemListElement\":[{\"@type\":\"ListItem\",\"position\":1,\"name\":\"Home\",\"item\":\"https:\/\/clubsagacite.com\/fr\/\"},{\"@type\":\"ListItem\",\"position\":2,\"name\":\"Conditions\"}]},{\"@type\":\"WebSite\",\"@id\":\"https:\/\/clubsagacite.com\/fr\/#website\",\"url\":\"https:\/\/clubsagacite.com\/fr\/\",\"name\":\"Club Sagacit\u00e9\",\"description\":\"Espace cr\u00e9atif et communaut\u00e9 bas\u00e9e \u00e0 Montr\u00e9al\/Tiohti\u00e0:ke.\",\"publisher\":{\"@id\":\"https:\/\/clubsagacite.com\/fr\/#organization\"},\"potentialAction\":[{\"@type\":\"SearchAction\",\"target\":{\"@type\":\"EntryPoint\",\"urlTemplate\":\"https:\/\/clubsagacite.com\/fr\/?s={search_term_string}\"},\"query-input\":\"required name=search_term_string\"}],\"inLanguage\":\"fr-FR\"},{\"@type\":\"Organization\",\"@id\":\"https:\/\/clubsagacite.com\/fr\/#organization\",\"name\":\"Club Sagacit\u00e9\",\"url\":\"https:\/\/clubsagacite.com\/fr\/\",\"logo\":{\"@type\":\"ImageObject\",\"inLanguage\":\"fr-FR\",\"@id\":\"https:\/\/clubsagacite.com\/fr\/#\/schema\/logo\/image\/\",\"url\":\"https:\/\/clubsagacite.com\/wp-content\/uploads\/2022\/04\/csc-logo.png\",\"contentUrl\":\"https:\/\/clubsagacite.com\/wp-content\/uploads\/2022\/04\/csc-logo.png\",\"width\":1087,\"height\":1087,\"caption\":\"Club Sagacit\u00e9\"},\"image\":{\"@id\":\"https:\/\/clubsagacite.com\/fr\/#\/schema\/logo\/image\/\"},\"sameAs\":[\"https:\/\/www.facebook.com\/clubsagacite\",\"https:\/\/twitter.com\/clubsagacite\"]}]}<\/script>\n<!-- \/ Yoast SEO plugin. -->","yoast_head_json":{"title":"Conditions | Club Sagacit\u00e9","robots":{"index":"index","follow":"follow","max-snippet":"max-snippet:-1","max-image-preview":"max-image-preview:large","max-video-preview":"max-video-preview:-1"},"canonical":"https:\/\/clubsagacite.com\/fr\/conditions\/","og_locale":"fr_FR","og_type":"article","og_title":"Conditions | Club Sagacit\u00e9","og_description":"Mis \u00e0 jour le 24 juillet 2022 Acceptation des risques En vous inscrivant au Club Sagacit\u00e9, vous avez pris connaissance de la nature de l\u2019activit\u00e9 et du genre d\u2019\u00e9v\u00e9nements organis\u00e9s par&nbsp;Club Sagacit\u00e9 et\/ou Musique Moonshine,&nbsp; lesquels impliquent la pratique d&rsquo;activit\u00e9s artistiques et sportives, et \u00eates conscient qu&rsquo;en y participant vous vous exposez \u00e0 des risques [&hellip;]","og_url":"https:\/\/clubsagacite.com\/fr\/conditions\/","og_site_name":"Club Sagacit\u00e9","article_publisher":"https:\/\/www.facebook.com\/clubsagacite","article_modified_time":"2024-03-08T01:10:57+00:00","og_image":[{"width":1920,"height":1080,"url":"https:\/\/clubsagacite.com\/wp-content\/uploads\/2022\/04\/club-sagacite-socials.png","type":"image\/png"}],"twitter_card":"summary_large_image","twitter_site":"@clubsagacite","twitter_misc":{"Dur\u00e9e de lecture estim\u00e9e":"3 minutes"},"schema":{"@context":"https:\/\/schema.org","@graph":[{"@type":"WebPage","@id":"https:\/\/clubsagacite.com\/fr\/conditions\/","url":"https:\/\/clubsagacite.com\/fr\/conditions\/","name":"Conditions | Club Sagacit\u00e9","isPartOf":{"@id":"https:\/\/clubsagacite.com\/fr\/#website"},"datePublished":"2022-04-23T05:30:16+00:00","dateModified":"2024-03-08T01:10:57+00:00","breadcrumb":{"@id":"https:\/\/clubsagacite.com\/fr\/conditions\/#breadcrumb"},"inLanguage":"fr-FR","potentialAction":[{"@type":"ReadAction","target":["https:\/\/clubsagacite.com\/fr\/conditions\/"]}]},{"@type":"BreadcrumbList","@id":"https:\/\/clubsagacite.com\/fr\/conditions\/#breadcrumb","itemListElement":[{"@type":"ListItem","position":1,"name":"Home","item":"https:\/\/clubsagacite.com\/fr\/"},{"@type":"ListItem","position":2,"name":"Conditions"}]},{"@type":"WebSite","@id":"https:\/\/clubsagacite.com\/fr\/#website","url":"https:\/\/clubsagacite.com\/fr\/","name":"Club Sagacit\u00e9","description":"Espace cr\u00e9atif et communaut\u00e9 bas\u00e9e \u00e0 Montr\u00e9al\/Tiohti\u00e0:ke.","publisher":{"@id":"https:\/\/clubsagacite.com\/fr\/#organization"},"potentialAction":[{"@type":"SearchAction","target":{"@type":"EntryPoint","urlTemplate":"https:\/\/clubsagacite.com\/fr\/?s={search_term_string}"},"query-input":"required name=search_term_string"}],"inLanguage":"fr-FR"},{"@type":"Organization","@id":"https:\/\/clubsagacite.com\/fr\/#organization","name":"Club Sagacit\u00e9","url":"https:\/\/clubsagacite.com\/fr\/","logo":{"@type":"ImageObject","inLanguage":"fr-FR","@id":"https:\/\/clubsagacite.com\/fr\/#\/schema\/logo\/image\/","url":"https:\/\/clubsagacite.com\/wp-content\/uploads\/2022\/04\/csc-logo.png","contentUrl":"https:\/\/clubsagacite.com\/wp-content\/uploads\/2022\/04\/csc-logo.png","width":1087,"height":1087,"caption":"Club Sagacit\u00e9"},"image":{"@id":"https:\/\/clubsagacite.com\/fr\/#\/schema\/logo\/image\/"},"sameAs":["https:\/\/www.facebook.com\/clubsagacite","https:\/\/twitter.com\/clubsagacite"]}]}},"_links":{"self":[{"href":"https:\/\/clubsagacite.com\/fr\/wp-json\/wp\/v2\/pages\/37"}],"collection":[{"href":"https:\/\/clubsagacite.com\/fr\/wp-json\/wp\/v2\/pages"}],"about":[{"href":"https:\/\/clubsagacite.com\/fr\/wp-json\/wp\/v2\/types\/page"}],"author":[{"embeddable":true,"href":"https:\/\/clubsagacite.com\/fr\/wp-json\/wp\/v2\/users\/1"}],"replies":[{"embeddable":true,"href":"https:\/\/clubsagacite.com\/fr\/wp-json\/wp\/v2\/comments?post=37"}],"version-history":[{"count":11,"href":"https:\/\/clubsagacite.com\/fr\/wp-json\/wp\/v2\/pages\/37\/revisions"}],"predecessor-version":[{"id":3234,"href":"https:\/\/clubsagacite.com\/fr\/wp-json\/wp\/v2\/pages\/37\/revisions\/3234"}],"wp:attachment":[{"href":"https:\/\/clubsagacite.com\/fr\/wp-json\/wp\/v2\/media?parent=37"}],"curies":[{"name":"wp","href":"https:\/\/api.w.org\/{rel}","templated":true}]}}